{"id":707,"date":"2022-12-28T06:01:53","date_gmt":"2022-12-28T09:01:53","guid":{"rendered":"https:\/\/santacasasaosimao.org.br\/?page_id=707"},"modified":"2025-09-01T15:00:51","modified_gmt":"2025-09-01T18:00:51","slug":"portal-transparencia","status":"publish","type":"page","link":"https:\/\/santacasasaosimao.org.br\/?page_id=707","title":{"rendered":"Portal Transpar\u00eancia"},"content":{"rendered":"\r\n<div class=\"wp-block-uagb-container uagb-block-65dd36a0 alignfull uagb-is-root-container\">\r\n<div class=\"uagb-container-inner-blocks-wrap\">\r\n<div class=\"wp-block-uagb-advanced-heading uagb-block-59b17c2b\">\r\n<p data-start=\"129\" data-end=\"180\"><strong>Portal da Transpar\u00eancia da Santa Casa de Miseric\u00f3rdia de S\u00e3o Sim\u00e3o<\/strong><\/p>\r\n<p data-start=\"216\" data-end=\"587\">O acesso \u00e0 informa\u00e7\u00e3o \u00e9 um direito fundamental e um pilar essencial para a confian\u00e7a da sociedade na gest\u00e3o da sa\u00fade. Este portal foi criado para garantir total transpar\u00eancia sobre a aplica\u00e7\u00e3o dos recursos da Santa Casa de Miseric\u00f3rdia de S\u00e3o Sim\u00e3o, permitindo que a popula\u00e7\u00e3o acompanhe, de forma clara e objetiva, investimentos, programas, a\u00e7\u00f5es e servi\u00e7os oferecidos.<\/p>\r\n<p data-start=\"589\" data-end=\"977\">Aqui, voc\u00ea encontra informa\u00e7\u00f5es sobre despesas, contratos, folha de pagamento, atendimentos realizados e demais dados que asseguram a correta presta\u00e7\u00e3o de contas, promovendo uma gest\u00e3o \u00e9tica, eficiente e comprometida com a participa\u00e7\u00e3o cidad\u00e3. Nosso objetivo \u00e9 fortalecer a confian\u00e7a da comunidade e oferecer uma administra\u00e7\u00e3o p\u00fablica cada vez mais transparente e acess\u00edvel.<\/p>\r\n<\/div>\r\n\r\n\r\n\r\n<div class=\"wp-block-essential-blocks-text  root-eb-text-if8dn\">\r\n<div class=\"eb-parent-wrapper eb-parent-eb-text-if8dn \">\r\n<div class=\"eb-text-wrapper eb-text-if8dn\" data-id=\"eb-text-if8dn\">\r\n<p class=\"eb-text\">\u00a0<\/p>\r\n<\/div>\r\n<\/div>\r\n<\/div>\r\n<\/div>\r\n<\/div>\r\n\r\n\r\n\r\n<p>&nbsp;<\/p>\r\n","protected":false},"excerpt":{"rendered":"<p>Portal da Transpar\u00eancia da Santa Casa de Miseric\u00f3rdia de S\u00e3o Sim\u00e3o O acesso \u00e0 informa\u00e7\u00e3o \u00e9 um direito fundamental e um pilar essencial para a confian\u00e7a da sociedade na gest\u00e3o da sa\u00fade. Este portal foi criado para garantir total transpar\u00eancia sobre a aplica\u00e7\u00e3o dos recursos da Santa Casa de Miseric\u00f3rdia de S\u00e3o Sim\u00e3o, permitindo que [&hellip;]<\/p>\n","protected":false},"author":1,"featured_media":0,"parent":546,"menu_order":0,"comment_status":"closed","ping_status":"closed","template":"","meta":{"_eb_attr":"","_uag_custom_page_level_css":"","site-sidebar-layout":"left-sidebar","site-content-layout":"content-boxed-container","ast-site-content-layout":"normal-width-container","site-content-style":"boxed","site-sidebar-style":"unboxed","ast-global-header-display":"","ast-banner-title-visibility":"","ast-main-header-display":"","ast-hfb-above-header-display":"","ast-hfb-below-header-display":"","ast-hfb-mobile-header-display":"","site-post-title":"","ast-breadcrumbs-content":"","ast-featured-img":"","footer-sml-layout":"","theme-transparent-header-meta":"default","adv-header-id-meta":"","stick-header-meta":"","header-above-stick-meta":"","header-main-stick-meta":"","header-below-stick-meta":"","astra-migrate-meta-layouts":"set","ast-page-background-enabled":"default","ast-page-background-meta":{"desktop":{"background-color":"var(--ast-global-color-4)","background-image":"","background-repeat":"repeat","background-position":"center center","background-size":"auto","background-attachment":"scroll","background-type":"","background-media":"","overlay-type":"","overlay-color":"","overlay-opacity":"","overlay-gradient":""},"tablet":{"background-color":"","background-image":"","background-repeat":"repeat","background-position":"center center","background-size":"auto","background-attachment":"scroll","background-type":"","background-media":"","overlay-type":"","overlay-color":"","overlay-opacity":"","overlay-gradient":""},"mobile":{"background-color":"","background-image":"","background-repeat":"repeat","background-position":"center center","background-size":"auto","background-attachment":"scroll","background-type":"","background-media":"","overlay-type":"","overlay-color":"","overlay-opacity":"","overlay-gradient":""}},"ast-content-background-meta":{"desktop":{"background-color":"var(--ast-global-color-5)","background-image":"","background-repeat":"repeat","background-position":"center center","background-size":"auto","background-attachment":"scroll","background-type":"","background-media":"","overlay-type":"","overlay-color":"","overlay-opacity":"","overlay-gradient":""},"tablet":{"background-color":"var(--ast-global-color-5)","background-image":"","background-repeat":"repeat","background-position":"center center","background-size":"auto","background-attachment":"scroll","background-type":"","background-media":"","overlay-type":"","overlay-color":"","overlay-opacity":"","overlay-gradient":""},"mobile":{"background-color":"var(--ast-global-color-5)","background-image":"","background-repeat":"repeat","background-position":"center center","background-size":"auto","background-attachment":"scroll","background-type":"","background-media":"","overlay-type":"","overlay-color":"","overlay-opacity":"","overlay-gradient":""}},"footnotes":""},"class_list":["post-707","page","type-page","status-publish","hentry"],"uagb_featured_image_src":{"full":false,"thumbnail":false,"medium":false,"medium_large":false,"large":false,"1536x1536":false,"2048x2048":false},"uagb_author_info":{"display_name":"adminsitestacasass","author_link":"https:\/\/santacasasaosimao.org.br\/?author=1"},"uagb_comment_info":0,"uagb_excerpt":"Portal da Transpar\u00eancia da Santa Casa de Miseric\u00f3rdia de S\u00e3o Sim\u00e3o O acesso \u00e0 informa\u00e7\u00e3o \u00e9 um direito fundamental e um pilar essencial para a confian\u00e7a da sociedade na gest\u00e3o da sa\u00fade. Este portal foi criado para garantir total transpar\u00eancia sobre a aplica\u00e7\u00e3o dos recursos da Santa Casa de Miseric\u00f3rdia de S\u00e3o Sim\u00e3o, permitindo que&hellip;","jetpack_sharing_enabled":true,"_links":{"self":[{"href":"https:\/\/santacasasaosimao.org.br\/index.php?rest_route=\/wp\/v2\/pages\/707","targetHints":{"allow":["GET"]}}],"collection":[{"href":"https:\/\/santacasasaosimao.org.br\/index.php?rest_route=\/wp\/v2\/pages"}],"about":[{"href":"https:\/\/santacasasaosimao.org.br\/index.php?rest_route=\/wp\/v2\/types\/page"}],"author":[{"embeddable":true,"href":"https:\/\/santacasasaosimao.org.br\/index.php?rest_route=\/wp\/v2\/users\/1"}],"replies":[{"embeddable":true,"href":"https:\/\/santacasasaosimao.org.br\/index.php?rest_route=%2Fwp%2Fv2%2Fcomments&post=707"}],"version-history":[{"count":11,"href":"https:\/\/santacasasaosimao.org.br\/index.php?rest_route=\/wp\/v2\/pages\/707\/revisions"}],"predecessor-version":[{"id":2667,"href":"https:\/\/santacasasaosimao.org.br\/index.php?rest_route=\/wp\/v2\/pages\/707\/revisions\/2667"}],"up":[{"embeddable":true,"href":"https:\/\/santacasasaosimao.org.br\/index.php?rest_route=\/wp\/v2\/pages\/546"}],"wp:attachment":[{"href":"https:\/\/santacasasaosimao.org.br\/index.php?rest_route=%2Fwp%2Fv2%2Fmedia&parent=707"}],"curies":[{"name":"wp","href":"https:\/\/api.w.org\/{rel}","templated":true}]}}