{"id":2091,"date":"2024-04-15T19:44:43","date_gmt":"2024-04-15T22:44:43","guid":{"rendered":"https:\/\/santacasasaosimao.org.br\/?page_id=2091"},"modified":"2024-07-17T08:54:29","modified_gmt":"2024-07-17T11:54:29","slug":"trabalhe2","status":"publish","type":"page","link":"https:\/\/santacasasaosimao.org.br\/?page_id=2091","title":{"rendered":"Trabalhe2"},"content":{"rendered":"\n<div class=\"wp-block-uagb-container uagb-block-1304d8c1 alignfull uagb-is-root-container\">\n<div class=\"wp-block-uagb-container uagb-block-e3396725\">\n<h2 class=\"wp-block-heading has-text-align-center\">FA\u00c7A PARTE DA NOSSA EQUIPE!<\/h2>\n<\/div>\n\n\n\n<div class=\"wp-block-uagb-container uagb-block-4d718f7b\">\n<div class=\"wp-block-uagb-container uagb-block-03a33d9c\">\n<p class=\"has-ast-global-color-6-color has-text-color has-link-color has-small-font-size wp-elements-93f93c876f9f146cd1355c94dd920440\" style=\"margin-top:0;margin-right:0;margin-bottom:0;margin-left:0\">J\u00e1 pensou em fazer parte de um time que tem como valores definidos: trabalho em equipe com comprometimento, fazendo-se valer de princ\u00edpios de \u00e9tica, respeito, profissionalismo, humaniza\u00e7\u00e3o, responsabilidade social, buscando excel\u00eancia no atendimento? <br><br>Temos a miss\u00e3o de cuidar da sa\u00fade das pessoas por meio de um atendimento humanizado e eficiente, sendo assim, queremos selecionar pessoas que compartilhem do mesmo prop\u00f3sito. <br><br>Se voc\u00ea se identificou, junte &#8211; se a n\u00f3s!<br>J\u00e1 pensou em fazer parte de um time que tem como valores definidos: trabalho em equipe com comprometimento, fazendo-se valer de princ\u00edpios de \u00e9tica, respeito, profissionalismo, humaniza\u00e7\u00e3o, responsabilidade social, buscando excel\u00eancia no atendimento? <br><br>Temos a miss\u00e3o de cuidar da sa\u00fade das pessoas por meio de um atendimento humanizado e eficiente, sendo assim, queremos selecionar pessoas que compartilhem do mesmo prop\u00f3sito. <br><br>Se voc\u00ea se identificou, junte &#8211; se a n\u00f3s!<\/p>\n\n\n\n<p class=\"has-ast-global-color-6-color has-text-color has-link-color has-small-font-size wp-elements-0a6a47b2bfc6c7553b59961662bca28a\" style=\"font-style:italic;font-weight:900\">Conhe\u00e7a nossa Politica de Contrata\u00e7\u00e3o , <a href=\"https:\/\/santacasasaosimao.org.br\/wp-content\/uploads\/2024\/03\/POP-RECRUTAMENTO-E-SELECAO.pdf\" data-type=\"link\" data-id=\"https:\/\/santacasasaosimao.org.br\/wp-content\/uploads\/2024\/03\/POP-RECRUTAMENTO-E-SELECAO.pdf\">clicando aqui<\/a>, e preencha o formul\u00e1rio ao lado<\/p>\n<\/div>\n\n\n\n<div class=\"wp-block-uagb-container uagb-block-03db2f0d\">\n<div class=\"wpcf7 no-js\" id=\"wpcf7-f2008-o1\" lang=\"pt-BR\" dir=\"ltr\" data-wpcf7-id=\"2008\">\n<div class=\"screen-reader-response\"><p role=\"status\" aria-live=\"polite\" aria-atomic=\"true\"><\/p> <ul><\/ul><\/div>\n<form action=\"\/index.php?rest_route=%2Fwp%2Fv2%2Fpages%2F2091#wpcf7-f2008-o1\" method=\"post\" class=\"wpcf7-form init\" aria-label=\"Formul\u00e1rios de contato\" enctype=\"multipart\/form-data\" novalidate=\"novalidate\" data-status=\"init\">\n<fieldset class=\"hidden-fields-container\"><input type=\"hidden\" name=\"_wpcf7\" value=\"2008\" \/><input type=\"hidden\" name=\"_wpcf7_version\" value=\"6.1.5\" \/><input type=\"hidden\" name=\"_wpcf7_locale\" value=\"pt_BR\" \/><input type=\"hidden\" name=\"_wpcf7_unit_tag\" value=\"wpcf7-f2008-o1\" \/><input type=\"hidden\" name=\"_wpcf7_container_post\" value=\"0\" \/><input type=\"hidden\" name=\"_wpcf7_posted_data_hash\" value=\"\" \/>\n<\/fieldset>\n<p>Seu nome<br \/>\n<span class=\"wpcf7-form-control-wrap\" data-name=\"your-name\"><input size=\"40\" maxlength=\"400\" class=\"wpcf7-form-control wpcf7-text wpcf7-validates-as-required\" autocomplete=\"name\" aria-required=\"true\" aria-invalid=\"false\" value=\"\" type=\"text\" name=\"your-name\" \/><\/span>\n<\/p>\n<p>Seu e-mail<br \/>\n<span class=\"wpcf7-form-control-wrap\" data-name=\"your-email\"><input size=\"40\" maxlength=\"400\" class=\"wpcf7-form-control wpcf7-email wpcf7-validates-as-required wpcf7-text wpcf7-validates-as-email\" autocomplete=\"email\" aria-required=\"true\" aria-invalid=\"false\" value=\"\" type=\"email\" name=\"your-email\" \/><\/span>\n<\/p>\n<p>Seu telefone<br \/>\n<span class=\"wpcf7-form-control-wrap\" data-name=\"tel-795\"><input size=\"40\" maxlength=\"400\" class=\"wpcf7-form-control wpcf7-tel wpcf7-validates-as-required wpcf7-text wpcf7-validates-as-tel\" aria-required=\"true\" aria-invalid=\"false\" value=\"\" type=\"tel\" name=\"tel-795\" \/><\/span>\n<\/p>\n<p>Qual sua \u00e1rea de interesse?<br \/>\n<span class=\"wpcf7-form-control-wrap\" data-name=\"radio-80\"><span class=\"wpcf7-form-control wpcf7-radio\"><span class=\"wpcf7-list-item first\"><label><input type=\"radio\" name=\"radio-80\" value=\"Administrativo\" \/><span class=\"wpcf7-list-item-label\">Administrativo<\/span><\/label><\/span><span class=\"wpcf7-list-item\"><label><input type=\"radio\" name=\"radio-80\" value=\"Limpeza\" \/><span class=\"wpcf7-list-item-label\">Limpeza<\/span><\/label><\/span><span class=\"wpcf7-list-item\"><label><input type=\"radio\" name=\"radio-80\" value=\"Tecnico Enfermagem\" \/><span class=\"wpcf7-list-item-label\">Tecnico Enfermagem<\/span><\/label><\/span><span class=\"wpcf7-list-item\"><label><input type=\"radio\" name=\"radio-80\" value=\"Enfermagem\" \/><span class=\"wpcf7-list-item-label\">Enfermagem<\/span><\/label><\/span><span class=\"wpcf7-list-item last\"><label><input type=\"radio\" name=\"radio-80\" value=\"Servi\u00e7os Assistenciais\" \/><span class=\"wpcf7-list-item-label\">Servi\u00e7os Assistenciais<\/span><\/label><\/span><\/span><\/span>\n<\/p>\n<p>Fa\u00e7a Upload de seu curr\u00edculo aqui. S\u00e3o aceitos documentos do tipo PDF e DOC, Tamanho m\u00e1ximo de 20Mb\n<\/p>\n<p><span class=\"wpcf7-form-control-wrap\" data-name=\"file-648\"><input size=\"40\" class=\"wpcf7-form-control wpcf7-file\" accept=\".pdf,.jpg,.jpeg,.png\" aria-invalid=\"false\" type=\"file\" name=\"file-648\" \/><\/span>\n<\/p>\n<p><input class=\"wpcf7-form-control wpcf7-submit has-spinner\" type=\"submit\" value=\"Enviar\" \/>\n<\/p><div class=\"wpcf7-response-output\" aria-hidden=\"true\"><\/div>\n<\/form>\n<\/div>\n\n<\/div>\n\n\n\n<h2 class=\"wp-block-heading alignwide has-text-align-center\">Vagas abertas<\/h2>\n\n\n\n<div class=\"wp-block-getwid-media-text-slider wp-block-getwid-media-text-slider--current-slide-1 has-arrows-outside has-dots-outside\" data-labels=\"[&quot;Slide 1&quot;,&quot;Slide 2&quot;,&quot;Slide 3&quot;,&quot;Slide 4&quot;,&quot;Slide 5&quot;]\" data-animation=\"fadeIn\" data-duration=\"1500ms\" data-delay=\"0ms\"><div class=\"wp-block-getwid-media-text-slider__slides-wrapper\"><div class=\"wp-block-getwid-media-text-slider__content\" data-slide-autoplay=\"false\" data-slide-pause-on-hover=\"true\" data-slide-autoplay-speed=\"5000\" data-slide-speed=\"1000\" data-infinite=\"true\">\n<div class=\"wp-block-getwid-media-text-slider-slide wp-block-getwid-media-text-slider-slide__content-wrapper slide-1\"><div class=\"wp-block-getwid-media-text-slider-slide__content\">\n<div style=\"max-width:650px\" class=\"wp-block-getwid-media-text-slider-slide-content\"><figure class=\"wp-block-getwid-media-text-slider-slide-content__media\"><img data-recalc-dims=\"1\" loading=\"lazy\" decoding=\"async\" width=\"150\" height=\"150\" src=\"https:\/\/i0.wp.com\/santacasasaosimao.org.br\/wp-content\/uploads\/2024\/04\/ServicosAssistenciais1.jpg?resize=150%2C150&#038;ssl=1\" alt=\"\" class=\"wp-block-getwid-media-text-slider-slide-content__image wp-image-2071\" srcset=\"https:\/\/i0.wp.com\/santacasasaosimao.org.br\/wp-content\/uploads\/2024\/04\/ServicosAssistenciais1.jpg?resize=150%2C150&amp;ssl=1 150w, https:\/\/i0.wp.com\/santacasasaosimao.org.br\/wp-content\/uploads\/2024\/04\/ServicosAssistenciais1.jpg?zoom=2&amp;resize=150%2C150&amp;ssl=1 300w, https:\/\/i0.wp.com\/santacasasaosimao.org.br\/wp-content\/uploads\/2024\/04\/ServicosAssistenciais1.jpg?zoom=3&amp;resize=150%2C150&amp;ssl=1 450w\" sizes=\"auto, (max-width: 150px) 100vw, 150px\" \/><div class=\"wp-block-getwid-media-text-slider-slide-content__media-overlay\" style=\"opacity:0.3\"><\/div><\/figure><div class=\"wp-block-getwid-media-text-slider-slide-content__content\"><div class=\"wp-block-getwid-media-text-slider-slide-content__content-wrapper\">\n<h2 class=\"wp-block-heading has-text-align-center\">servi\u00e7os Assistenciais<\/h2>\n<\/div><\/div><\/div>\n<\/div><\/div>\n\n\n\n<div class=\"wp-block-getwid-media-text-slider-slide wp-block-getwid-media-text-slider-slide__content-wrapper slide-2\"><div class=\"wp-block-getwid-media-text-slider-slide__content\">\n<div style=\"max-width:650px\" class=\"wp-block-getwid-media-text-slider-slide-content\"><figure class=\"wp-block-getwid-media-text-slider-slide-content__media\"><img data-recalc-dims=\"1\" loading=\"lazy\" decoding=\"async\" width=\"150\" height=\"150\" src=\"https:\/\/i0.wp.com\/santacasasaosimao.org.br\/wp-content\/uploads\/2024\/04\/EnfermagemPadrao1.jpg?resize=150%2C150&#038;ssl=1\" alt=\"\" class=\"wp-block-getwid-media-text-slider-slide-content__image wp-image-2070\" srcset=\"https:\/\/i0.wp.com\/santacasasaosimao.org.br\/wp-content\/uploads\/2024\/04\/EnfermagemPadrao1.jpg?resize=150%2C150&amp;ssl=1 150w, https:\/\/i0.wp.com\/santacasasaosimao.org.br\/wp-content\/uploads\/2024\/04\/EnfermagemPadrao1.jpg?zoom=2&amp;resize=150%2C150&amp;ssl=1 300w, https:\/\/i0.wp.com\/santacasasaosimao.org.br\/wp-content\/uploads\/2024\/04\/EnfermagemPadrao1.jpg?zoom=3&amp;resize=150%2C150&amp;ssl=1 450w\" sizes=\"auto, (max-width: 150px) 100vw, 150px\" \/><div class=\"wp-block-getwid-media-text-slider-slide-content__media-overlay\" style=\"opacity:0.3\"><\/div><\/figure><div class=\"wp-block-getwid-media-text-slider-slide-content__content\"><div class=\"wp-block-getwid-media-text-slider-slide-content__content-wrapper\">\n<h2 class=\"wp-block-heading has-text-align-center\">Enfermagem Padr\u00e3o<\/h2>\n<\/div><\/div><\/div>\n<\/div><\/div>\n\n\n\n<div class=\"wp-block-getwid-media-text-slider-slide wp-block-getwid-media-text-slider-slide__content-wrapper slide-3\"><div class=\"wp-block-getwid-media-text-slider-slide__content\">\n<div style=\"max-width:650px\" class=\"wp-block-getwid-media-text-slider-slide-content\"><figure class=\"wp-block-getwid-media-text-slider-slide-content__media\"><img data-recalc-dims=\"1\" loading=\"lazy\" decoding=\"async\" width=\"150\" height=\"150\" src=\"https:\/\/i0.wp.com\/santacasasaosimao.org.br\/wp-content\/uploads\/2024\/04\/EnfermagemTecnica1.jpg?resize=150%2C150&#038;ssl=1\" alt=\"\" class=\"wp-block-getwid-media-text-slider-slide-content__image wp-image-2069\" srcset=\"https:\/\/i0.wp.com\/santacasasaosimao.org.br\/wp-content\/uploads\/2024\/04\/EnfermagemTecnica1.jpg?resize=150%2C150&amp;ssl=1 150w, https:\/\/i0.wp.com\/santacasasaosimao.org.br\/wp-content\/uploads\/2024\/04\/EnfermagemTecnica1.jpg?zoom=2&amp;resize=150%2C150&amp;ssl=1 300w, https:\/\/i0.wp.com\/santacasasaosimao.org.br\/wp-content\/uploads\/2024\/04\/EnfermagemTecnica1.jpg?zoom=3&amp;resize=150%2C150&amp;ssl=1 450w\" sizes=\"auto, (max-width: 150px) 100vw, 150px\" \/><div class=\"wp-block-getwid-media-text-slider-slide-content__media-overlay\" style=\"opacity:0.3\"><\/div><\/figure><div class=\"wp-block-getwid-media-text-slider-slide-content__content\"><div class=\"wp-block-getwid-media-text-slider-slide-content__content-wrapper\">\n<h2 class=\"wp-block-heading has-text-align-center\">Enfermagem T\u00e9cnica<\/h2>\n<\/div><\/div><\/div>\n<\/div><\/div>\n\n\n\n<div class=\"wp-block-getwid-media-text-slider-slide wp-block-getwid-media-text-slider-slide__content-wrapper slide-4\"><div class=\"wp-block-getwid-media-text-slider-slide__content\">\n<div style=\"max-width:650px\" class=\"wp-block-getwid-media-text-slider-slide-content\"><figure class=\"wp-block-getwid-media-text-slider-slide-content__media\"><img data-recalc-dims=\"1\" loading=\"lazy\" decoding=\"async\" width=\"150\" height=\"150\" src=\"https:\/\/i0.wp.com\/santacasasaosimao.org.br\/wp-content\/uploads\/2024\/04\/Limpeza1.jpg?resize=150%2C150&#038;ssl=1\" alt=\"\" class=\"wp-block-getwid-media-text-slider-slide-content__image wp-image-2068\" srcset=\"https:\/\/i0.wp.com\/santacasasaosimao.org.br\/wp-content\/uploads\/2024\/04\/Limpeza1.jpg?resize=150%2C150&amp;ssl=1 150w, https:\/\/i0.wp.com\/santacasasaosimao.org.br\/wp-content\/uploads\/2024\/04\/Limpeza1.jpg?zoom=2&amp;resize=150%2C150&amp;ssl=1 300w, https:\/\/i0.wp.com\/santacasasaosimao.org.br\/wp-content\/uploads\/2024\/04\/Limpeza1.jpg?zoom=3&amp;resize=150%2C150&amp;ssl=1 450w\" sizes=\"auto, (max-width: 150px) 100vw, 150px\" \/><div class=\"wp-block-getwid-media-text-slider-slide-content__media-overlay\" style=\"opacity:0.3\"><\/div><\/figure><div class=\"wp-block-getwid-media-text-slider-slide-content__content\"><div class=\"wp-block-getwid-media-text-slider-slide-content__content-wrapper\">\n<h2 class=\"wp-block-heading has-text-align-center\">Limpeza<\/h2>\n<\/div><\/div><\/div>\n<\/div><\/div>\n\n\n\n<div class=\"wp-block-getwid-media-text-slider-slide wp-block-getwid-media-text-slider-slide__content-wrapper slide-5\"><div class=\"wp-block-getwid-media-text-slider-slide__content\">\n<div style=\"max-width:650px\" class=\"wp-block-getwid-media-text-slider-slide-content\"><figure class=\"wp-block-getwid-media-text-slider-slide-content__media\"><img data-recalc-dims=\"1\" loading=\"lazy\" decoding=\"async\" width=\"150\" height=\"150\" src=\"https:\/\/i0.wp.com\/santacasasaosimao.org.br\/wp-content\/uploads\/2024\/04\/Administrativo1.jpg?resize=150%2C150&#038;ssl=1\" alt=\"\" class=\"wp-block-getwid-media-text-slider-slide-content__image wp-image-2067\" srcset=\"https:\/\/i0.wp.com\/santacasasaosimao.org.br\/wp-content\/uploads\/2024\/04\/Administrativo1.jpg?resize=150%2C150&amp;ssl=1 150w, https:\/\/i0.wp.com\/santacasasaosimao.org.br\/wp-content\/uploads\/2024\/04\/Administrativo1.jpg?zoom=2&amp;resize=150%2C150&amp;ssl=1 300w, https:\/\/i0.wp.com\/santacasasaosimao.org.br\/wp-content\/uploads\/2024\/04\/Administrativo1.jpg?zoom=3&amp;resize=150%2C150&amp;ssl=1 450w\" sizes=\"auto, (max-width: 150px) 100vw, 150px\" \/><div class=\"wp-block-getwid-media-text-slider-slide-content__media-overlay\" style=\"opacity:0.3\"><\/div><\/figure><div class=\"wp-block-getwid-media-text-slider-slide-content__content\"><div class=\"wp-block-getwid-media-text-slider-slide-content__content-wrapper\">\n<h2 class=\"wp-block-heading has-text-align-center\">Administrativo<\/h2>\n<\/div><\/div><\/div>\n<\/div><\/div>\n<\/div><\/div><\/div>\n<\/div>\n<\/div>\n","protected":false},"excerpt":{"rendered":"<p>FA\u00c7A PARTE DA NOSSA EQUIPE! J\u00e1 pensou em fazer parte de um time que tem como valores definidos: trabalho em equipe com comprometimento, fazendo-se valer de princ\u00edpios de \u00e9tica, respeito, profissionalismo, humaniza\u00e7\u00e3o, responsabilidade social, buscando excel\u00eancia no atendimento? Temos a miss\u00e3o de cuidar da sa\u00fade das pessoas por meio de um atendimento humanizado e eficiente, [&hellip;]<\/p>\n","protected":false},"author":1,"featured_media":0,"parent":0,"menu_order":0,"comment_status":"closed","ping_status":"closed","template":"","meta":{"_eb_attr":"","_uag_custom_page_level_css":"","site-sidebar-layout":"default","site-content-layout":"","ast-site-content-layout":"default","site-content-style":"default","site-sidebar-style":"default","ast-global-header-display":"","ast-banner-title-visibility":"","ast-main-header-display":"","ast-hfb-above-header-display":"","ast-hfb-below-header-display":"","ast-hfb-mobile-header-display":"","site-post-title":"disabled","ast-breadcrumbs-content":"","ast-featured-img":"","footer-sml-layout":"","theme-transparent-header-meta":"","adv-header-id-meta":"","stick-header-meta":"","header-above-stick-meta":"","header-main-stick-meta":"","header-below-stick-meta":"","astra-migrate-meta-layouts":"set","ast-page-background-enabled":"default","ast-page-background-meta":{"desktop":{"background-color":"var(--ast-global-color-4)","background-image":"","background-repeat":"repeat","background-position":"center center","background-size":"auto","background-attachment":"scroll","background-type":"","background-media":"","overlay-type":"","overlay-color":"","overlay-opacity":"","overlay-gradient":""},"tablet":{"background-color":"","background-image":"","background-repeat":"repeat","background-position":"center center","background-size":"auto","background-attachment":"scroll","background-type":"","background-media":"","overlay-type":"","overlay-color":"","overlay-opacity":"","overlay-gradient":""},"mobile":{"background-color":"","background-image":"","background-repeat":"repeat","background-position":"center center","background-size":"auto","background-attachment":"scroll","background-type":"","background-media":"","overlay-type":"","overlay-color":"","overlay-opacity":"","overlay-gradient":""}},"ast-content-background-meta":{"desktop":{"background-color":"var(--ast-global-color-5)","background-image":"","background-repeat":"repeat","background-position":"center center","background-size":"auto","background-attachment":"scroll","background-type":"","background-media":"","overlay-type":"","overlay-color":"","overlay-opacity":"","overlay-gradient":""},"tablet":{"background-color":"var(--ast-global-color-5)","background-image":"","background-repeat":"repeat","background-position":"center center","background-size":"auto","background-attachment":"scroll","background-type":"","background-media":"","overlay-type":"","overlay-color":"","overlay-opacity":"","overlay-gradient":""},"mobile":{"background-color":"var(--ast-global-color-5)","background-image":"","background-repeat":"repeat","background-position":"center center","background-size":"auto","background-attachment":"scroll","background-type":"","background-media":"","overlay-type":"","overlay-color":"","overlay-opacity":"","overlay-gradient":""}},"footnotes":""},"class_list":["post-2091","page","type-page","status-publish","hentry"],"uagb_featured_image_src":{"full":false,"thumbnail":false,"medium":false,"medium_large":false,"large":false,"1536x1536":false,"2048x2048":false},"uagb_author_info":{"display_name":"adminsitestacasass","author_link":"https:\/\/santacasasaosimao.org.br\/?author=1"},"uagb_comment_info":0,"uagb_excerpt":"FA\u00c7A PARTE DA NOSSA EQUIPE! J\u00e1 pensou em fazer parte de um time que tem como valores definidos: trabalho em equipe com comprometimento, fazendo-se valer de princ\u00edpios de \u00e9tica, respeito, profissionalismo, humaniza\u00e7\u00e3o, responsabilidade social, buscando excel\u00eancia no atendimento? Temos a miss\u00e3o de cuidar da sa\u00fade das pessoas por meio de um atendimento humanizado e eficiente,&hellip;","jetpack_sharing_enabled":true,"_links":{"self":[{"href":"https:\/\/santacasasaosimao.org.br\/index.php?rest_route=\/wp\/v2\/pages\/2091","targetHints":{"allow":["GET"]}}],"collection":[{"href":"https:\/\/santacasasaosimao.org.br\/index.php?rest_route=\/wp\/v2\/pages"}],"about":[{"href":"https:\/\/santacasasaosimao.org.br\/index.php?rest_route=\/wp\/v2\/types\/page"}],"author":[{"embeddable":true,"href":"https:\/\/santacasasaosimao.org.br\/index.php?rest_route=\/wp\/v2\/users\/1"}],"replies":[{"embeddable":true,"href":"https:\/\/santacasasaosimao.org.br\/index.php?rest_route=%2Fwp%2Fv2%2Fcomments&post=2091"}],"version-history":[{"count":7,"href":"https:\/\/santacasasaosimao.org.br\/index.php?rest_route=\/wp\/v2\/pages\/2091\/revisions"}],"predecessor-version":[{"id":2157,"href":"https:\/\/santacasasaosimao.org.br\/index.php?rest_route=\/wp\/v2\/pages\/2091\/revisions\/2157"}],"wp:attachment":[{"href":"https:\/\/santacasasaosimao.org.br\/index.php?rest_route=%2Fwp%2Fv2%2Fmedia&parent=2091"}],"curies":[{"name":"wp","href":"https:\/\/api.w.org\/{rel}","templated":true}]}}